{"id":6266,"date":"2023-11-27T22:49:36","date_gmt":"2023-11-27T22:49:36","guid":{"rendered":"https:\/\/process.gama-industries.si\/?page_id=6266"},"modified":"2023-12-06T13:56:51","modified_gmt":"2023-12-06T13:56:51","slug":"news","status":"publish","type":"page","link":"https:\/\/process.gama-industries.si\/bs\/news\/","title":{"rendered":"NEWS"},"content":{"rendered":"<div data-elementor-type=\"wp-page\" data-elementor-id=\"6266\" class=\"elementor elementor-6266\">\n\t\t\t\t\t\t\t<div class=\"elementor-element elementor-element-7d9842a e-con-boxed e-con\" data-id=\"7d9842a\" data-element_type=\"container\" data-settings=\"{&quot;content_width&quot;:&quot;boxed&quot;}\">\n\t\t\t\t\t<div class=\"e-con-inner\">\n\t\t\t\t<div class=\"elementor-element elementor-element-b41eeb7 elementor-widget elementor-widget-cms_post_grid\" data-id=\"b41eeb7\" data-element_type=\"widget\" data-widget_type=\"cms_post_grid.default\">\n\t\t\t\t<div class=\"elementor-widget-container\">\n\t\t\t\n<div id=\"cms_post_grid-b41eeb7\" class=\"cms-grid cms-post-grid-layout1\" data-layout=\"masonry\" data-start-page=\"1\" data-max-pages=\"1\" data-total=\"8\" data-perpage=\"50\" data-next-link=\"\">\n    <div class=\"cms-grid-overlay\"><\/div>\n    \n    <div class=\"cms-grid-inner cms-grid-masonry row animation-time\" data-gutter=\"15\">\n                    <div class=\"grid-sizer col-xl-4 col-lg-4 col-md-4 col-sm-4 col-4\"><\/div>\n                                <div class=\"grid-item col-xl-4 col-lg-4 col-md-4 col-sm-4 col-4\">\n                    <div class=\"grid-item-inner\">\n                                                    <div class=\"entry-featured\">\n                                <a href=\"https:\/\/process.gama-industries.si\/bs\/mobello-sklad-tradicije-i-savremene-funkcionalnosti\/\"><img loading=\"lazy\" class=\"\" src=\"https:\/\/process.gama-industries.si\/wp-content\/uploads\/2023\/12\/7-768x568.jpg\" width=\"768\" height=\"568\" alt=\"7\" title=\"7\" \/><\/a>\n                            <\/div>\n                                                <div class=\"entry-body\">\n                                                            <ul class=\"entry-meta\">\n                                                                            <li class=\"item-category\"><a href=\"https:\/\/process.gama-industries.si\/bs\/category\/news\/\" rel=\"tag\">News<\/a><\/li>\n                                                                    <\/ul>\n                                                                                        <h3 class=\"entry-title\"><a href=\"https:\/\/process.gama-industries.si\/bs\/mobello-sklad-tradicije-i-savremene-funkcionalnosti\/\">\u201eMOBELLO\u201c-SKLAD TRADICIJE I SAVREMENE FUNKCIONALNOSTI<\/a><\/h3>\n                                                        <ul class=\"entry-meta\">\n                                                                    <li class=\"post-date\">6 Decembra, 2023<\/li>\n                                                                                                    <li class=\"author\">\n                                        <a href=\"https:\/\/process.gama-industries.si\/bs\/author\/admin\/\">admin<\/a><\/li>\n                                                            <\/ul>\n                                                            <div class=\"entry-content\">\n                                    \u00a0\u201eMOBELLO\u201c \u2013 KOLEKCIJE \u201eUNIQA\u201c \u201eMOKU\u201c I \u201ePRIMERA\u201c, NAMJE\u0160TAJ KOJI DONOSI DAH PRO\u0160LOSTI I ISPUNJAVA STANDARDE SAVREMENOG STANOVANJA I EKOLO\u0160KE PRIHVATLJIVOSTI! \u201eInterprocess\u201c BiH, jedan je od&hellip;                                <\/div>\n                                                                                        <div class=\"entry-readmore\">\n                                    <a class=\"btn-more elementor-animation-pagination\" href=\"https:\/\/process.gama-industries.si\/bs\/mobello-sklad-tradicije-i-savremene-funkcionalnosti\/\"><i class=\"fac fac-arrow-right\"><\/i><span>Read more<\/span><\/a>\n                                <\/div>\n                                                    <\/div>\n                    <\/div>\n                <\/div>\n                            <div class=\"grid-item col-xl-4 col-lg-4 col-md-4 col-sm-4 col-4\">\n                    <div class=\"grid-item-inner\">\n                                                    <div class=\"entry-featured\">\n                                <a href=\"https:\/\/process.gama-industries.si\/bs\/interprocess-lider-u-preradi-hrastovog-drveta-96-posto-proizvodnje-za-izvoz\/\"><img loading=\"lazy\" class=\"\" src=\"https:\/\/process.gama-industries.si\/wp-content\/uploads\/2023\/12\/6-768x568.jpg\" width=\"768\" height=\"568\" alt=\"6\" title=\"6\" \/><\/a>\n                            <\/div>\n                                                <div class=\"entry-body\">\n                                                            <ul class=\"entry-meta\">\n                                                                            <li class=\"item-category\"><a href=\"https:\/\/process.gama-industries.si\/bs\/category\/news\/\" rel=\"tag\">News<\/a><\/li>\n                                                                    <\/ul>\n                                                                                        <h3 class=\"entry-title\"><a href=\"https:\/\/process.gama-industries.si\/bs\/interprocess-lider-u-preradi-hrastovog-drveta-96-posto-proizvodnje-za-izvoz\/\">INTERPROCESS \u2013 LIDER U PRERADI HRASTOVOG DRVETA, 96 POSTO PROIZVODNJE ZA IZVOZ<\/a><\/h3>\n                                                        <ul class=\"entry-meta\">\n                                                                    <li class=\"post-date\">6 Decembra, 2023<\/li>\n                                                                                                    <li class=\"author\">\n                                        <a href=\"https:\/\/process.gama-industries.si\/bs\/author\/admin\/\">admin<\/a><\/li>\n                                                            <\/ul>\n                                                            <div class=\"entry-content\">\n                                    INTERPROCESS \u2013 LIDER U PRERADI HRASTOVOG DRVETA, 96 POSTO PROIZVODNJE ZA IZVOZ Mobello: Sklad tradicije i suvremene funkcionalnosti Kada bri\u017eljivo i uporno sticana znanja i&hellip;                                <\/div>\n                                                                                        <div class=\"entry-readmore\">\n                                    <a class=\"btn-more elementor-animation-pagination\" href=\"https:\/\/process.gama-industries.si\/bs\/interprocess-lider-u-preradi-hrastovog-drveta-96-posto-proizvodnje-za-izvoz\/\"><i class=\"fac fac-arrow-right\"><\/i><span>Read more<\/span><\/a>\n                                <\/div>\n                                                    <\/div>\n                    <\/div>\n                <\/div>\n                            <div class=\"grid-item col-xl-4 col-lg-4 col-md-4 col-sm-4 col-4\">\n                    <div class=\"grid-item-inner\">\n                                                    <div class=\"entry-featured\">\n                                <a href=\"https:\/\/process.gama-industries.si\/bs\/tesanj-kompanija-interprocess-postaje-prva-smart-firma-u-bih\/\"><img loading=\"lazy\" class=\"\" src=\"https:\/\/process.gama-industries.si\/wp-content\/uploads\/2023\/12\/4-768x568.jpg\" width=\"768\" height=\"568\" alt=\"4\" title=\"4\" \/><\/a>\n                            <\/div>\n                                                <div class=\"entry-body\">\n                                                            <ul class=\"entry-meta\">\n                                                                            <li class=\"item-category\"><a href=\"https:\/\/process.gama-industries.si\/bs\/category\/news\/\" rel=\"tag\">News<\/a><\/li>\n                                                                    <\/ul>\n                                                                                        <h3 class=\"entry-title\"><a href=\"https:\/\/process.gama-industries.si\/bs\/tesanj-kompanija-interprocess-postaje-prva-smart-firma-u-bih\/\">TE\u0160ANJ-KOMPANIJA INTERPROCESS POSTAJE PRVA SMART FIRMA U BIH!<\/a><\/h3>\n                                                        <ul class=\"entry-meta\">\n                                                                    <li class=\"post-date\">6 Decembra, 2023<\/li>\n                                                                                                    <li class=\"author\">\n                                        <a href=\"https:\/\/process.gama-industries.si\/bs\/author\/admin\/\">admin<\/a><\/li>\n                                                            <\/ul>\n                                                            <div class=\"entry-content\">\n                                    Instaliranjem solarne elektrane\u00a0 instalisane snage od 600 KW kompanija \u201eInterprocess\u201c iz Te\u0161nja na najboljem je putu da postane prva smart\u00a0 proizvodna firma u na\u0161oj zemlji.&hellip;                                <\/div>\n                                                                                        <div class=\"entry-readmore\">\n                                    <a class=\"btn-more elementor-animation-pagination\" href=\"https:\/\/process.gama-industries.si\/bs\/tesanj-kompanija-interprocess-postaje-prva-smart-firma-u-bih\/\"><i class=\"fac fac-arrow-right\"><\/i><span>Read more<\/span><\/a>\n                                <\/div>\n                                                    <\/div>\n                    <\/div>\n                <\/div>\n                            <div class=\"grid-item col-xl-4 col-lg-4 col-md-4 col-sm-4 col-4\">\n                    <div class=\"grid-item-inner\">\n                                                    <div class=\"entry-featured\">\n                                <a href=\"https:\/\/process.gama-industries.si\/bs\/this-is-example-of-blog-post-title-3\/\"><img loading=\"lazy\" class=\"\" src=\"https:\/\/process.gama-industries.si\/wp-content\/uploads\/2023\/10\/IMG-4-768x568.jpg\" width=\"768\" height=\"568\" alt=\"IMG-4\" title=\"IMG-4\" \/><\/a>\n                            <\/div>\n                                                <div class=\"entry-body\">\n                                                            <ul class=\"entry-meta\">\n                                                                            <li class=\"item-category\"><a href=\"https:\/\/process.gama-industries.si\/bs\/category\/news\/\" rel=\"tag\">News<\/a><\/li>\n                                                                    <\/ul>\n                                                                                        <h3 class=\"entry-title\"><a href=\"https:\/\/process.gama-industries.si\/bs\/this-is-example-of-blog-post-title-3\/\">POSJETA PREDSTAVNIKA PRIVREDNE KOMORE ZDK KOMPANIJI INTERPROCESS DOO TE\u0160ANJ<\/a><\/h3>\n                                                        <ul class=\"entry-meta\">\n                                                                    <li class=\"post-date\">5 Oktobra, 2023<\/li>\n                                                                                                    <li class=\"author\">\n                                        <a href=\"https:\/\/process.gama-industries.si\/bs\/author\/admin\/\">admin<\/a><\/li>\n                                                            <\/ul>\n                                                            <div class=\"entry-content\">\n                                    Kompanija InterProcess doo Te\u0161anj je \u00a0bila doma\u0107in predstavnicima Privredne komore ZDK. Sastanak je rezultat niza zajedni\u010dkih aktivnosti koje su implementirane u prethodnom periodu. Gdin Adnan&hellip;                                <\/div>\n                                                                                        <div class=\"entry-readmore\">\n                                    <a class=\"btn-more elementor-animation-pagination\" href=\"https:\/\/process.gama-industries.si\/bs\/this-is-example-of-blog-post-title-3\/\"><i class=\"fac fac-arrow-right\"><\/i><span>Read more<\/span><\/a>\n                                <\/div>\n                                                    <\/div>\n                    <\/div>\n                <\/div>\n                            <div class=\"grid-item col-xl-4 col-lg-4 col-md-4 col-sm-4 col-4\">\n                    <div class=\"grid-item-inner\">\n                                                    <div class=\"entry-featured\">\n                                <a href=\"https:\/\/process.gama-industries.si\/bs\/this-is-example-of-blog-post-title-2\/\"><img loading=\"lazy\" class=\"\" src=\"https:\/\/process.gama-industries.si\/wp-content\/uploads\/2023\/10\/2-1-768x568.jpg\" width=\"768\" height=\"568\" alt=\"2\" title=\"2\" \/><\/a>\n                            <\/div>\n                                                <div class=\"entry-body\">\n                                                            <ul class=\"entry-meta\">\n                                                                            <li class=\"item-category\"><a href=\"https:\/\/process.gama-industries.si\/bs\/category\/news\/\" rel=\"tag\">News<\/a><\/li>\n                                                                    <\/ul>\n                                                                                        <h3 class=\"entry-title\"><a href=\"https:\/\/process.gama-industries.si\/bs\/this-is-example-of-blog-post-title-2\/\">\u201eINTERPROCESS\u201c NE \u010cEKA BUDU\u0106NOST-IDE JOJ U SUSRET, STI\u017dU MLADI STIPENDISTI!<\/a><\/h3>\n                                                        <ul class=\"entry-meta\">\n                                                                    <li class=\"post-date\">5 Oktobra, 2023<\/li>\n                                                                                                    <li class=\"author\">\n                                        <a href=\"https:\/\/process.gama-industries.si\/bs\/author\/admin\/\">admin<\/a><\/li>\n                                                            <\/ul>\n                                                            <div class=\"entry-content\">\n                                    Kao \u0161to smo pisali u maju ove godine \u201eInterProcess\u201c, vode\u0107a kompanija u preradi hrastovog drveta na podru\u010dju jugoisto\u010dne Evrope i jo\u0161 nekoliko kompanija iz drvoprera\u0111iva\u010dkog&hellip;                                <\/div>\n                                                                                        <div class=\"entry-readmore\">\n                                    <a class=\"btn-more elementor-animation-pagination\" href=\"https:\/\/process.gama-industries.si\/bs\/this-is-example-of-blog-post-title-2\/\"><i class=\"fac fac-arrow-right\"><\/i><span>Read more<\/span><\/a>\n                                <\/div>\n                                                    <\/div>\n                    <\/div>\n                <\/div>\n                            <div class=\"grid-item col-xl-4 col-lg-4 col-md-4 col-sm-4 col-4\">\n                    <div class=\"grid-item-inner\">\n                                                    <div class=\"entry-featured\">\n                                <a href=\"https:\/\/process.gama-industries.si\/bs\/this-is-example-of-blog-post-title\/\"><img loading=\"lazy\" class=\"\" src=\"https:\/\/process.gama-industries.si\/wp-content\/uploads\/2023\/10\/3-1-768x568.jpg\" width=\"768\" height=\"568\" alt=\"3\" title=\"3\" \/><\/a>\n                            <\/div>\n                                                <div class=\"entry-body\">\n                                                            <ul class=\"entry-meta\">\n                                                                            <li class=\"item-category\"><a href=\"https:\/\/process.gama-industries.si\/bs\/category\/news\/\" rel=\"tag\">News<\/a><\/li>\n                                                                    <\/ul>\n                                                                                        <h3 class=\"entry-title\"><a href=\"https:\/\/process.gama-industries.si\/bs\/this-is-example-of-blog-post-title\/\">OBNOVLJIVI IZVORI-TE\u0160ANJSKI \u201eINTERPROCESS\u201c I EBRD NA ISTOM ZADATKU, 600 TONA CO2 MANJE U ATMOSFERI<\/a><\/h3>\n                                                        <ul class=\"entry-meta\">\n                                                                    <li class=\"post-date\">5 Oktobra, 2023<\/li>\n                                                                                                    <li class=\"author\">\n                                        <a href=\"https:\/\/process.gama-industries.si\/bs\/author\/admin\/\">admin<\/a><\/li>\n                                                            <\/ul>\n                                                            <div class=\"entry-content\">\n                                    S obzirom da se BiH, kao \u010dlanica evropske Energetske zajednice, ali i potpisnica Sofijske deklaracije i drugih akata, u okviru ispunjavanja uvjeta za \u010dlanstvo u&hellip;                                <\/div>\n                                                                                        <div class=\"entry-readmore\">\n                                    <a class=\"btn-more elementor-animation-pagination\" href=\"https:\/\/process.gama-industries.si\/bs\/this-is-example-of-blog-post-title\/\"><i class=\"fac fac-arrow-right\"><\/i><span>Read more<\/span><\/a>\n                                <\/div>\n                                                    <\/div>\n                    <\/div>\n                <\/div>\n                            <div class=\"grid-item col-xl-4 col-lg-4 col-md-4 col-sm-4 col-4\">\n                    <div class=\"grid-item-inner\">\n                                                    <div class=\"entry-featured\">\n                                <a href=\"https:\/\/process.gama-industries.si\/bs\/kompanija-interprocess-obiljezila-deceniju-uspjesnog-poslovanja\/\"><img loading=\"lazy\" class=\"\" src=\"https:\/\/process.gama-industries.si\/wp-content\/uploads\/2023\/02\/5-1-768x568.jpg\" width=\"768\" height=\"568\" alt=\"5\" title=\"5\" \/><\/a>\n                            <\/div>\n                                                <div class=\"entry-body\">\n                                                            <ul class=\"entry-meta\">\n                                                                            <li class=\"item-category\"><a href=\"https:\/\/process.gama-industries.si\/bs\/category\/news\/\" rel=\"tag\">News<\/a><\/li>\n                                                                    <\/ul>\n                                                                                        <h3 class=\"entry-title\"><a href=\"https:\/\/process.gama-industries.si\/bs\/kompanija-interprocess-obiljezila-deceniju-uspjesnog-poslovanja\/\">KOMPANIJA INTERPROCESS OBILJE\u017dILA DECENIJU USPJE\u0160NOG POSLOVANJA<\/a><\/h3>\n                                                        <ul class=\"entry-meta\">\n                                                                    <li class=\"post-date\">10 Februara, 2023<\/li>\n                                                                                                    <li class=\"author\">\n                                        <a href=\"https:\/\/process.gama-industries.si\/bs\/author\/admin\/\">admin<\/a><\/li>\n                                                            <\/ul>\n                                                            <div class=\"entry-content\">\n                                    Kompanija \u201eInterprocess\u201c iz Te\u0161nja UZ DECENIJU POSTOJANJA\u00a0 NOVA VLASNI\u010cKA STRUKTURA I NOVI PLANOVI Na prigodnoj sve\u010danosti ovih je dana kompanija \u201eInterprocess\u201c iz Te\u0161nja\u00a0 obilje\u017eila prvu&hellip;                                <\/div>\n                                                                                        <div class=\"entry-readmore\">\n                                    <a class=\"btn-more elementor-animation-pagination\" href=\"https:\/\/process.gama-industries.si\/bs\/kompanija-interprocess-obiljezila-deceniju-uspjesnog-poslovanja\/\"><i class=\"fac fac-arrow-right\"><\/i><span>Read more<\/span><\/a>\n                                <\/div>\n                                                    <\/div>\n                    <\/div>\n                <\/div>\n                            <div class=\"grid-item col-xl-4 col-lg-4 col-md-4 col-sm-4 col-4\">\n                    <div class=\"grid-item-inner\">\n                                                    <div class=\"entry-featured\">\n                                <a href=\"https:\/\/process.gama-industries.si\/bs\/inter-process-raspisuje-oglas-za-prijem-u-radni-odnos\/\"><img loading=\"lazy\" class=\"\" src=\"https:\/\/process.gama-industries.si\/wp-content\/uploads\/2023\/12\/4-768x568.jpg\" width=\"768\" height=\"568\" alt=\"4\" title=\"4\" \/><\/a>\n                            <\/div>\n                                                <div class=\"entry-body\">\n                                                            <ul class=\"entry-meta\">\n                                                                            <li class=\"item-category\"><a href=\"https:\/\/process.gama-industries.si\/bs\/category\/news\/\" rel=\"tag\">News<\/a><\/li>\n                                                                    <\/ul>\n                                                                                        <h3 class=\"entry-title\"><a href=\"https:\/\/process.gama-industries.si\/bs\/inter-process-raspisuje-oglas-za-prijem-u-radni-odnos\/\">INTERPROCESS RASPISUJE OGLAS ZA PRIJEM U RADNI ODNOS<\/a><\/h3>\n                                                        <ul class=\"entry-meta\">\n                                                                    <li class=\"post-date\">20 Januara, 2023<\/li>\n                                                                                                    <li class=\"author\">\n                                        <a href=\"https:\/\/process.gama-industries.si\/bs\/author\/admin\/\">admin<\/a><\/li>\n                                                            <\/ul>\n                                                            <div class=\"entry-content\">\n                                    U skladu sa internim aktima preduze\u0107a InterProcess d.o.o Te\u0161anj, a na osnovu ukazane potrebe, usljed pove\u0107anja obima poslovanja, Direktor preduze\u0107a raspisuje: OGLAS ZA PRIJEM U&hellip;                                <\/div>\n                                                                                        <div class=\"entry-readmore\">\n                                    <a class=\"btn-more elementor-animation-pagination\" href=\"https:\/\/process.gama-industries.si\/bs\/inter-process-raspisuje-oglas-za-prijem-u-radni-odnos\/\"><i class=\"fac fac-arrow-right\"><\/i><span>Read more<\/span><\/a>\n                                <\/div>\n                                                    <\/div>\n                    <\/div>\n                <\/div>\n                <\/div>\n        <\/div>\t\t<\/div>\n\t\t\t\t<\/div>\n\t\t\t\t\t<\/div>\n\t\t\t\t<\/div>\n\t\t\t\t\t\t\t<\/div>","protected":false},"excerpt":{"rendered":"<p>News \u201eMOBELLO\u201c-SKLAD TRADICIJE I SAVREMENE FUNKCIONALNOSTI December 6, 2023 admin News \u201eMOBELLO\u201c-SKLAD TRADICIJE I SAVREMENE FUNKCIONALNOSTI December 6, 2023 admin \u00a0\u201eMOBELLO\u201c \u2013 KOLEKCIJE \u201eUNIQA\u201c \u201eMOKU\u201c I \u201ePRIMERA\u201c, NAMJE\u0160TAJ KOJI DONOSI DAH PRO\u0160LOSTI I ISPUNJAVA STANDARDE&hellip; Read more News INTERPROCESS \u2013 LIDER U PRERADI HRASTOVOG DRVETA, 96 POSTO PROIZVODNJE ZA IZVOZ December 6, 2023 admin News [&hellip;]<\/p>","protected":false},"author":1,"featured_media":0,"parent":0,"menu_order":0,"comment_status":"closed","ping_status":"closed","template":"","meta":[],"_links":{"self":[{"href":"https:\/\/process.gama-industries.si\/bs\/wp-json\/wp\/v2\/pages\/6266"}],"collection":[{"href":"https:\/\/process.gama-industries.si\/bs\/wp-json\/wp\/v2\/pages"}],"about":[{"href":"https:\/\/process.gama-industries.si\/bs\/wp-json\/wp\/v2\/types\/page"}],"author":[{"embeddable":true,"href":"https:\/\/process.gama-industries.si\/bs\/wp-json\/wp\/v2\/users\/1"}],"replies":[{"embeddable":true,"href":"https:\/\/process.gama-industries.si\/bs\/wp-json\/wp\/v2\/comments?post=6266"}],"version-history":[{"count":7,"href":"https:\/\/process.gama-industries.si\/bs\/wp-json\/wp\/v2\/pages\/6266\/revisions"}],"predecessor-version":[{"id":6462,"href":"https:\/\/process.gama-industries.si\/bs\/wp-json\/wp\/v2\/pages\/6266\/revisions\/6462"}],"wp:attachment":[{"href":"https:\/\/process.gama-industries.si\/bs\/wp-json\/wp\/v2\/media?parent=6266"}],"curies":[{"name":"wp","href":"https:\/\/api.w.org\/{rel}","templated":true}]}}